{"id":27,"date":"2015-02-23T10:46:11","date_gmt":"2015-02-23T09:46:11","guid":{"rendered":"http:\/\/almotrade.dk\/da\/?page_id=27"},"modified":"2025-12-19T06:38:41","modified_gmt":"2025-12-19T05:38:41","slug":"almotrade","status":"publish","type":"page","link":"https:\/\/almotrade.dk\/da\/","title":{"rendered":"Almotrade"},"content":{"rendered":"<h1 style=\"text-align: left;\"><span style=\"color: #000000;\">ALMOTRADE<\/span><\/h1>\n<h2 style=\"text-align: left;\">&#8211; forhandler af Maniquick siden 1977<\/h2>\n<h4><\/h4>\n<h4 style=\"text-align: left;\"><\/h4>\n<h3 style=\"text-align: left;\"><strong>Nu er tiden kommet til at lukke ned og vores restlager s\u00e6lges til halv pris. <\/strong><strong>Se tilbudsvarer p\u00e5 <a href=\"https:\/\/almotrade.dk\/da\/tilbehoer-til-maniquick\/\"><span style=\"color: #ff0000;\">Tilbeh\u00f8r <\/span><\/a>og <span style=\"color: #ff0000;\"><a style=\"color: #ff0000;\" href=\"https:\/\/almotrade.dk\/da\/produkt-kategori\/tilbud\/\">Tilbud<\/a><\/span><\/strong><\/h3>\n<div align=\"left\">\n<p style=\"text-align: left;\">Her hos Almotrade finder du et stort udvalg af produkter til sk\u00f8nhed, sundhed og velv\u00e6re.\u00a0Vi har solgt\u00a0schweiziske Maniquick i Skandinavien\u00a0siden 1977. F\u00f8rst som batteridreven neglefil, s\u00e5 som elektrisk manicure- og pedicure s\u00e6t og siden er en lang r\u00e6kke produkter kommet til indenfor forskellige produktgrupper.<\/p>\n<p style=\"text-align: left;\">Produktnavnet Maniquick er blevet erstattet af MQ Perfect som st\u00e5r for Maniquick Perfect.<\/p>\n<p style=\"text-align: left;\">Du kan k\u00f8be direkte her p\u00e5 denne hjemmeside.<\/p>\n<\/div>\n","protected":false},"excerpt":{"rendered":"<p>ALMOTRADE &#8211; forhandler af Maniquick siden 1977 Nu er tiden kommet til at lukke ned og vores restlager s\u00e6lges til halv pris. Se tilbudsvarer p\u00e5 Tilbeh\u00f8r og Tilbud Her hos Almotrade finder du et stort udvalg af produkter til sk\u00f8nhed, sundhed og velv\u00e6re.\u00a0Vi har solgt\u00a0schweiziske Maniquick i Skandinavien\u00a0siden 1977. F\u00f8rst som batteridreven neglefil, s\u00e5 som [&hellip;]<\/p>\n","protected":false},"author":1,"featured_media":0,"parent":0,"menu_order":0,"comment_status":"closed","ping_status":"closed","template":"template-homepage.php","meta":{"_monsterinsights_skip_tracking":false,"_monsterinsights_sitenote_active":false,"_monsterinsights_sitenote_note":"","_monsterinsights_sitenote_category":0,"footnotes":""},"yst_prominent_words":[],"class_list":["post-27","page","type-page","status-publish","hentry"],"jetpack_sharing_enabled":false,"jetpack_shortlink":"https:\/\/wp.me\/P65CO3-r","_links":{"self":[{"href":"https:\/\/almotrade.dk\/da\/wp-json\/wp\/v2\/pages\/27","targetHints":{"allow":["GET"]}}],"collection":[{"href":"https:\/\/almotrade.dk\/da\/wp-json\/wp\/v2\/pages"}],"about":[{"href":"https:\/\/almotrade.dk\/da\/wp-json\/wp\/v2\/types\/page"}],"author":[{"embeddable":true,"href":"https:\/\/almotrade.dk\/da\/wp-json\/wp\/v2\/users\/1"}],"replies":[{"embeddable":true,"href":"https:\/\/almotrade.dk\/da\/wp-json\/wp\/v2\/comments?post=27"}],"version-history":[{"count":122,"href":"https:\/\/almotrade.dk\/da\/wp-json\/wp\/v2\/pages\/27\/revisions"}],"predecessor-version":[{"id":3231,"href":"https:\/\/almotrade.dk\/da\/wp-json\/wp\/v2\/pages\/27\/revisions\/3231"}],"wp:attachment":[{"href":"https:\/\/almotrade.dk\/da\/wp-json\/wp\/v2\/media?parent=27"}],"wp:term":[{"taxonomy":"yst_prominent_words","embeddable":true,"href":"https:\/\/almotrade.dk\/da\/wp-json\/wp\/v2\/yst_prominent_words?post=27"}],"curies":[{"name":"wp","href":"https:\/\/api.w.org\/{rel}","templated":true}]}}