{"id":375,"date":"2015-03-03T14:59:51","date_gmt":"2015-03-03T13:59:51","guid":{"rendered":"http:\/\/almotrade.dk\/da\/?page_id=375"},"modified":"2019-01-29T16:45:12","modified_gmt":"2019-01-29T15:45:12","slug":"profil","status":"publish","type":"page","link":"https:\/\/almotrade.dk\/da\/profil\/","title":{"rendered":"Profil"},"content":{"rendered":"<h1><span style=\"color: #000000;\">Profil Almotrade<\/span><\/h1>\n<h3>Almotrade er import\u00f8r og distribut\u00f8r af Maniquick i Skandinavien.<\/h3>\n<p>Vi har solgt Maniquick siden 1977. I de f\u00f8rste 30 \u00e5r til alle stormagasiner, Matas, el-installat\u00f8rer og isenkr\u00e6mmere m.v.. Vi har lavet mange Maniquick demonstrationer i stormagasiner, butikscentre, g\u00e5gader og torve. Vi har deltaget p\u00e5 div. messer, men nu er det n\u00e6sten udelukkende online p\u00e5 denne hjemmeside.<\/p>\n<p>Vi har ogs\u00e5 solgt en lang r\u00e6kke andre produkter til mange forskellige brancher. Maniquick er bare et produkt som er kommet for at blive.<br \/>\n\u00c5rsagen til dette er naturligvis den schweiziske kvalitet der g\u00f8r at produkterne holder i rigtig mange \u00e5r. N\u00e5r det s\u00e5 ikke kan mere, \u00f8nsker kunderne naturligvis et nyt Maniquick-s\u00e6t.<br \/>\nManiquick bliver l\u00f8bende viderudviklet og nye modeller kommer til.<\/p>\n<p>Maniquick bruges af professionelle fodplejere, p\u00e5 hospitaler og plejehjem m.v., men er s\u00e5 nem at bruge at alle selv kan behandle deres h\u00e6nder og f\u00f8dder hjemme, hvorfor ogs\u00e5 st\u00f8rstedelen af vore kunder er private.<br \/>\nManiquick er i dag meget mere end manicure- &amp; pedicure produkter. Vi har en lang r\u00e6kke af produkter til sk\u00f8nhed, sundhed og velv\u00e6re og alle produkterne kan k\u00f8bes her p\u00e5 denne hjemmeside eller ved at ringe til os. \u00c5bningstid man-fredag 9:00 &#8211; 16:00.<\/p>\n<p>&nbsp;<\/p>\n","protected":false},"excerpt":{"rendered":"<p>Profil Almotrade Almotrade er import\u00f8r og distribut\u00f8r af Maniquick i Skandinavien. Vi har solgt Maniquick siden 1977. I de f\u00f8rste 30 \u00e5r til alle stormagasiner, Matas, el-installat\u00f8rer og isenkr\u00e6mmere m.v.. Vi har lavet mange Maniquick demonstrationer i stormagasiner, butikscentre, g\u00e5gader og torve. Vi har deltaget p\u00e5 div. messer, men nu er det n\u00e6sten udelukkende online [&hellip;]<\/p>\n","protected":false},"author":1,"featured_media":0,"parent":0,"menu_order":0,"comment_status":"closed","ping_status":"closed","template":"template-fullwidth.php","meta":{"_monsterinsights_skip_tracking":false,"_monsterinsights_sitenote_active":false,"_monsterinsights_sitenote_note":"","_monsterinsights_sitenote_category":0,"footnotes":""},"yst_prominent_words":[],"class_list":["post-375","page","type-page","status-publish","hentry"],"jetpack_sharing_enabled":true,"jetpack_shortlink":"https:\/\/wp.me\/P65CO3-63","_links":{"self":[{"href":"https:\/\/almotrade.dk\/da\/wp-json\/wp\/v2\/pages\/375","targetHints":{"allow":["GET"]}}],"collection":[{"href":"https:\/\/almotrade.dk\/da\/wp-json\/wp\/v2\/pages"}],"about":[{"href":"https:\/\/almotrade.dk\/da\/wp-json\/wp\/v2\/types\/page"}],"author":[{"embeddable":true,"href":"https:\/\/almotrade.dk\/da\/wp-json\/wp\/v2\/users\/1"}],"replies":[{"embeddable":true,"href":"https:\/\/almotrade.dk\/da\/wp-json\/wp\/v2\/comments?post=375"}],"version-history":[{"count":16,"href":"https:\/\/almotrade.dk\/da\/wp-json\/wp\/v2\/pages\/375\/revisions"}],"predecessor-version":[{"id":2919,"href":"https:\/\/almotrade.dk\/da\/wp-json\/wp\/v2\/pages\/375\/revisions\/2919"}],"wp:attachment":[{"href":"https:\/\/almotrade.dk\/da\/wp-json\/wp\/v2\/media?parent=375"}],"wp:term":[{"taxonomy":"yst_prominent_words","embeddable":true,"href":"https:\/\/almotrade.dk\/da\/wp-json\/wp\/v2\/yst_prominent_words?post=375"}],"curies":[{"name":"wp","href":"https:\/\/api.w.org\/{rel}","templated":true}]}}