{"id":410,"date":"2015-03-04T22:22:28","date_gmt":"2015-03-04T21:22:28","guid":{"rendered":"http:\/\/almotrade.dk\/da\/?page_id=410"},"modified":"2019-01-29T16:39:58","modified_gmt":"2019-01-29T15:39:58","slug":"tilbehoer-til-maniquick","status":"publish","type":"page","link":"https:\/\/almotrade.dk\/da\/tilbehoer-til-maniquick\/","title":{"rendered":"Tilbeh\u00f8r"},"content":{"rendered":"<p><a href=\"https:\/\/almotrade.dk\/da\/produkt-kategori\/tilbehoer-til-pro-og-deluxe\/\">Tilbeh\u00f8r til Maniquick 100, 1000, 2000, 3000, Deluxe, PRO, Manicure pedicure s\u00e6t MQ702 &amp; EasyQuick (clip system)<\/a><\/p>\n<p><a href=\"https:\/\/almotrade.dk\/da\/produkt-kategori\/tilbehoer-til-softtouch\/\">Tilbeh\u00f8r til Maniquick Soft Touch Opladelig, Net &amp; Batteri (klem system)<\/a><\/p>\n<p><a href=\"https:\/\/almotrade.dk\/da\/produkt-kategori\/tilbehoer-til-udgaaede-maniquick-modeller\/\">Tilbeh\u00f8r\u00a0til udg\u00e5ede manicure- &amp; pedicure modeller<\/a><\/p>\n<p><a title=\"Ekstra ruller til Roll Pedicure\" href=\"https:\/\/almotrade.dk\/da\/produkt\/ekstra-ruller-til-roll-pedicure\/\">Tilbeh\u00f8r til Roll Pedicure<\/a><\/p>\n<p><a href=\"https:\/\/almotrade.dk\/da\/produkt-kategori\/tilbehoer-diverse\/\">Tilbeh\u00f8r diverse &#8211; til andet end manicure &amp; pedicure s\u00e6t<\/a><\/p>\n<p>&nbsp;<\/p>\n<p>&nbsp;<\/p>\n<p>&nbsp;<\/p>\n","protected":false},"excerpt":{"rendered":"<p>Tilbeh\u00f8r til Maniquick 100, 1000, 2000, 3000, Deluxe, PRO, Manicure pedicure s\u00e6t MQ702 &amp; EasyQuick (clip system) Tilbeh\u00f8r til Maniquick Soft Touch Opladelig, Net &amp; Batteri (klem system) Tilbeh\u00f8r\u00a0til udg\u00e5ede manicure- &amp; pedicure modeller Tilbeh\u00f8r til Roll Pedicure Tilbeh\u00f8r diverse &#8211; til andet end manicure &amp; pedicure s\u00e6t &nbsp; &nbsp; &nbsp;<\/p>\n","protected":false},"author":1,"featured_media":0,"parent":0,"menu_order":0,"comment_status":"closed","ping_status":"closed","template":"template-fullwidth.php","meta":{"_monsterinsights_skip_tracking":false,"_monsterinsights_sitenote_active":false,"_monsterinsights_sitenote_note":"","_monsterinsights_sitenote_category":0,"jetpack_post_was_ever_published":false,"footnotes":""},"yst_prominent_words":[],"class_list":["post-410","page","type-page","status-publish","hentry"],"jetpack_sharing_enabled":true,"jetpack_shortlink":"https:\/\/wp.me\/P65CO3-6C","_links":{"self":[{"href":"https:\/\/almotrade.dk\/da\/wp-json\/wp\/v2\/pages\/410","targetHints":{"allow":["GET"]}}],"collection":[{"href":"https:\/\/almotrade.dk\/da\/wp-json\/wp\/v2\/pages"}],"about":[{"href":"https:\/\/almotrade.dk\/da\/wp-json\/wp\/v2\/types\/page"}],"author":[{"embeddable":true,"href":"https:\/\/almotrade.dk\/da\/wp-json\/wp\/v2\/users\/1"}],"replies":[{"embeddable":true,"href":"https:\/\/almotrade.dk\/da\/wp-json\/wp\/v2\/comments?post=410"}],"version-history":[{"count":28,"href":"https:\/\/almotrade.dk\/da\/wp-json\/wp\/v2\/pages\/410\/revisions"}],"predecessor-version":[{"id":2893,"href":"https:\/\/almotrade.dk\/da\/wp-json\/wp\/v2\/pages\/410\/revisions\/2893"}],"wp:attachment":[{"href":"https:\/\/almotrade.dk\/da\/wp-json\/wp\/v2\/media?parent=410"}],"wp:term":[{"taxonomy":"yst_prominent_words","embeddable":true,"href":"https:\/\/almotrade.dk\/da\/wp-json\/wp\/v2\/yst_prominent_words?post=410"}],"curies":[{"name":"wp","href":"https:\/\/api.w.org\/{rel}","templated":true}]}}